{"id":675,"date":"2020-12-03T10:56:14","date_gmt":"2020-12-03T09:56:14","guid":{"rendered":"http:\/\/elodieratsim.com\/?page_id=675"},"modified":"2021-01-08T13:38:41","modified_gmt":"2021-01-08T12:38:41","slug":"industrie","status":"publish","type":"page","link":"https:\/\/elodieratsim.com\/index.php\/metiers\/industrie\/","title":{"rendered":"Industrie"},"content":{"rendered":"<p><a rel=\"noreferrer noopener\" href=\"https:\/\/www.francebleu.fr\/fabrique-moi-un-a350\" target=\"_blank\">Reportage pour France Bleu<\/a><span style=\"color:#5f5f5f\" class=\"has-inline-color\">, \u00e0 l&rsquo;automne 2014, dans les coulisses de la fabrique d&rsquo;un A350 (Airbus), \u00e0 Toulouse, M\u00e9aulte et Saint-Nazaire.<\/span><\/p>\n","protected":false},"excerpt":{"rendered":"<p>Reportage pour France Bleu, \u00e0 l&rsquo;automne 2014, dans les coulisses de la fabrique d&rsquo;un A350 (Airbus), \u00e0 Toulouse, M\u00e9aulte et Saint-Nazaire.<\/p>\n","protected":false},"author":1,"featured_media":841,"parent":28,"menu_order":1,"comment_status":"closed","ping_status":"closed","template":"gallery_3.php","meta":{"footnotes":""},"class_list":["post-675","page","type-page","status-publish","has-post-thumbnail","hentry"],"_links":{"self":[{"href":"https:\/\/elodieratsim.com\/index.php\/wp-json\/wp\/v2\/pages\/675","targetHints":{"allow":["GET"]}}],"collection":[{"href":"https:\/\/elodieratsim.com\/index.php\/wp-json\/wp\/v2\/pages"}],"about":[{"href":"https:\/\/elodieratsim.com\/index.php\/wp-json\/wp\/v2\/types\/page"}],"author":[{"embeddable":true,"href":"https:\/\/elodieratsim.com\/index.php\/wp-json\/wp\/v2\/users\/1"}],"replies":[{"embeddable":true,"href":"https:\/\/elodieratsim.com\/index.php\/wp-json\/wp\/v2\/comments?post=675"}],"version-history":[{"count":7,"href":"https:\/\/elodieratsim.com\/index.php\/wp-json\/wp\/v2\/pages\/675\/revisions"}],"predecessor-version":[{"id":1062,"href":"https:\/\/elodieratsim.com\/index.php\/wp-json\/wp\/v2\/pages\/675\/revisions\/1062"}],"up":[{"embeddable":true,"href":"https:\/\/elodieratsim.com\/index.php\/wp-json\/wp\/v2\/pages\/28"}],"wp:featuredmedia":[{"embeddable":true,"href":"https:\/\/elodieratsim.com\/index.php\/wp-json\/wp\/v2\/media\/841"}],"wp:attachment":[{"href":"https:\/\/elodieratsim.com\/index.php\/wp-json\/wp\/v2\/media?parent=675"}],"curies":[{"name":"wp","href":"https:\/\/api.w.org\/{rel}","templated":true}]}}