{"id":682,"date":"2020-12-03T11:46:01","date_gmt":"2020-12-03T10:46:01","guid":{"rendered":"http:\/\/elodieratsim.com\/?page_id=682"},"modified":"2021-01-08T13:39:42","modified_gmt":"2021-01-08T12:39:42","slug":"soins","status":"publish","type":"page","link":"https:\/\/elodieratsim.com\/index.php\/metiers\/soins\/","title":{"rendered":"Soins"},"content":{"rendered":"<p><span style=\"color:#5f5f5f\" class=\"has-inline-color\">Une journ\u00e9e avec une infirmi\u00e8re \u00e0 domicile, \u00e0 Sceaux (mars 2012 pour Le Monde) et \u00ab\u00a0Journal d&rsquo;un v\u00e9to de campagne\u00a0\u00bb (octobre 2013).<\/span><\/p>\n","protected":false},"excerpt":{"rendered":"<p>Une journ\u00e9e avec une infirmi\u00e8re \u00e0 domicile, \u00e0 Sceaux (mars 2012 pour Le Monde) et \u00ab\u00a0Journal d&rsquo;un v\u00e9to de campagne\u00a0\u00bb (octobre 2013).<\/p>\n","protected":false},"author":1,"featured_media":893,"parent":28,"menu_order":4,"comment_status":"closed","ping_status":"closed","template":"gallery_3.php","meta":{"footnotes":""},"class_list":["post-682","page","type-page","status-publish","has-post-thumbnail","hentry"],"_links":{"self":[{"href":"https:\/\/elodieratsim.com\/index.php\/wp-json\/wp\/v2\/pages\/682","targetHints":{"allow":["GET"]}}],"collection":[{"href":"https:\/\/elodieratsim.com\/index.php\/wp-json\/wp\/v2\/pages"}],"about":[{"href":"https:\/\/elodieratsim.com\/index.php\/wp-json\/wp\/v2\/types\/page"}],"author":[{"embeddable":true,"href":"https:\/\/elodieratsim.com\/index.php\/wp-json\/wp\/v2\/users\/1"}],"replies":[{"embeddable":true,"href":"https:\/\/elodieratsim.com\/index.php\/wp-json\/wp\/v2\/comments?post=682"}],"version-history":[{"count":4,"href":"https:\/\/elodieratsim.com\/index.php\/wp-json\/wp\/v2\/pages\/682\/revisions"}],"predecessor-version":[{"id":1065,"href":"https:\/\/elodieratsim.com\/index.php\/wp-json\/wp\/v2\/pages\/682\/revisions\/1065"}],"up":[{"embeddable":true,"href":"https:\/\/elodieratsim.com\/index.php\/wp-json\/wp\/v2\/pages\/28"}],"wp:featuredmedia":[{"embeddable":true,"href":"https:\/\/elodieratsim.com\/index.php\/wp-json\/wp\/v2\/media\/893"}],"wp:attachment":[{"href":"https:\/\/elodieratsim.com\/index.php\/wp-json\/wp\/v2\/media?parent=682"}],"curies":[{"name":"wp","href":"https:\/\/api.w.org\/{rel}","templated":true}]}}