{"id":695,"date":"2020-12-03T12:08:23","date_gmt":"2020-12-03T11:08:23","guid":{"rendered":"http:\/\/elodieratsim.com\/?page_id=695"},"modified":"2021-01-08T13:34:41","modified_gmt":"2021-01-08T12:34:41","slug":"visites-ateliers","status":"publish","type":"page","link":"https:\/\/elodieratsim.com\/index.php\/arts\/visites-ateliers\/","title":{"rendered":"Visites, ateliers"},"content":{"rendered":"<p><span style=\"color:#5f5f5f\" class=\"has-inline-color\">M\u00e9diation culturelle aupr\u00e8s de divers publics dans les \u00e9tablissements de la Ville de Paris.<\/span><\/p>\n","protected":false},"excerpt":{"rendered":"<p>M\u00e9diation culturelle aupr\u00e8s de divers publics dans les \u00e9tablissements de la Ville de Paris.<\/p>\n","protected":false},"author":1,"featured_media":772,"parent":2,"menu_order":3,"comment_status":"closed","ping_status":"closed","template":"gallery_3.php","meta":{"footnotes":""},"class_list":["post-695","page","type-page","status-publish","has-post-thumbnail","hentry"],"_links":{"self":[{"href":"https:\/\/elodieratsim.com\/index.php\/wp-json\/wp\/v2\/pages\/695","targetHints":{"allow":["GET"]}}],"collection":[{"href":"https:\/\/elodieratsim.com\/index.php\/wp-json\/wp\/v2\/pages"}],"about":[{"href":"https:\/\/elodieratsim.com\/index.php\/wp-json\/wp\/v2\/types\/page"}],"author":[{"embeddable":true,"href":"https:\/\/elodieratsim.com\/index.php\/wp-json\/wp\/v2\/users\/1"}],"replies":[{"embeddable":true,"href":"https:\/\/elodieratsim.com\/index.php\/wp-json\/wp\/v2\/comments?post=695"}],"version-history":[{"count":3,"href":"https:\/\/elodieratsim.com\/index.php\/wp-json\/wp\/v2\/pages\/695\/revisions"}],"predecessor-version":[{"id":1053,"href":"https:\/\/elodieratsim.com\/index.php\/wp-json\/wp\/v2\/pages\/695\/revisions\/1053"}],"up":[{"embeddable":true,"href":"https:\/\/elodieratsim.com\/index.php\/wp-json\/wp\/v2\/pages\/2"}],"wp:featuredmedia":[{"embeddable":true,"href":"https:\/\/elodieratsim.com\/index.php\/wp-json\/wp\/v2\/media\/772"}],"wp:attachment":[{"href":"https:\/\/elodieratsim.com\/index.php\/wp-json\/wp\/v2\/media?parent=695"}],"curies":[{"name":"wp","href":"https:\/\/api.w.org\/{rel}","templated":true}]}}